{"id":279,"date":"2022-04-04T16:30:51","date_gmt":"2022-04-04T16:30:51","guid":{"rendered":"https:\/\/andratwerk.com\/?page_id=279"},"modified":"2022-04-04T16:32:46","modified_gmt":"2022-04-04T16:32:46","slug":"termeni-si-conditii","status":"publish","type":"page","link":"https:\/\/andratwerk.com\/en\/termeni-si-conditii\/","title":{"rendered":"Termeni si conditii"},"content":{"rendered":"<div data-elementor-type=\"wp-page\" data-elementor-id=\"279\" class=\"elementor elementor-279\" data-elementor-post-type=\"page\">\n\t\t\t\t\t\t<section class=\"elementor-section elementor-top-section elementor-element elementor-element-11c425a elementor-section-boxed elementor-section-height-default elementor-section-height-default\" data-id=\"11c425a\" data-element_type=\"section\">\n\t\t\t\t\t\t<div class=\"elementor-container elementor-column-gap-default\">\n\t\t\t\t\t<div class=\"elementor-column elementor-col-100 elementor-top-column elementor-element elementor-element-d0a0047\" data-id=\"d0a0047\" data-element_type=\"column\">\n\t\t\t<div class=\"elementor-widget-wrap elementor-element-populated\">\n\t\t\t\t\t\t<div class=\"elementor-element elementor-element-284e15d elementor-widget elementor-widget-heading\" data-id=\"284e15d\" data-element_type=\"widget\" data-widget_type=\"heading.default\">\n\t\t\t\t<div class=\"elementor-widget-container\">\n\t\t\t\t\t<h2 class=\"elementor-heading-title elementor-size-default\">TERMS AND CONDITIONS<\/h2>\t\t\t\t<\/div>\n\t\t\t\t<\/div>\n\t\t\t\t<div class=\"elementor-element elementor-element-24fe5bb elementor-widget elementor-widget-text-editor\" data-id=\"24fe5bb\" data-element_type=\"widget\" data-widget_type=\"text-editor.default\">\n\t\t\t\t<div class=\"elementor-widget-container\">\n\t\t\t\t\t\t\t\t\t<p>The andratwerk.com website, hereinafter referred to as \"andratwerk.com\", is owned and administered by the company SC Dada Dancefit SRL, having the following identification data: CUI:43868835, No. Reg. of Commerce J12\/1153\/2021<\/p><p>Browsing the andratwerk.com website, followed by an order is equivalent to the reading, understanding and express acceptance of the Terms below by any Customer.<\/p><p>Andratwerk.com reserves the right to modify or update the content of this website and the Terms and Conditions of Use at any time without any prior notice.<\/p><p>In case of divergence or misunderstanding between AndraTwerk and the Client, the Terms and Conditions valid at the time of the Order will apply.<\/p><p>Definitions and terms<br \/>User \u2013 any person who visits the website www.andratwerk.com<\/p><p>Buyer - can be any natural person over 16 years old or legal person or any legal entity that creates an Account on the Site and places an Order.<\/p><p>Client - can be any natural person who is over 16 years old or legal person who has or obtains access to the CONTENT, through any means of communication made available by Andra Twerk (electronic, telephone, etc.) or based on a user agreement existing between the Site and it.<\/p><p>Services\/Product \u2013 represents any product or service on the Site, including the services mentioned in the Order, to be provided by the Seller to the Buyer, in this case, dance classes and fitness program \u2013 online on the andratwerk.com website<\/p><p>The products are digital, available online.<\/p><p>Cupon \u2013 reprezint\u0103 un cod de reducere care se aplic\u0103 la pre\u021bul final.<\/p><p>Con\u021binut \u2013 reprezint\u0103:<\/p><p>\u2013 all the information on the Site that can be visited, viewed or otherwise accessed by using an electronic device;<\/p><p>- the content of any e-mail sent to the Buyers by the Seller by electronic means and\/or any other means of communication available;<\/p><p>- any information communicated by any means by an employee\/collaborator of the Seller, the Buyer, according to the contact information, specified or not by him;<\/p><p>\u2013 information related to the Goods and\/or Services and\/or the rates charged by the Seller in a certain period;<\/p><p>- information related to the Goods and\/or Services and\/or the rates charged by a third party with whom the Seller has concluded partnership contracts, during a certain period;<\/p><p>- data related to the Seller, or other privileged data of the Seller.<\/p><p>The right to intellectual and industrial property<br \/>The content of the Andratwerk.com website: images, texts, web graphics, scripts, software, videos, design rights, model rights, patents, trademarks are the entire property of Dada Dancefit SRL and its suppliers and is protected by the Copyright and Related Rights Act and by intellectual and industrial property laws. The use without the consent of Dada Dancefit SRL of any elements listed above is punishable according to the legislation in force.<\/p><p>Andratwerk.com and logos belong to SC Dada Dancefit SRL.<\/p><p>Dada Dancefit SRL does not give the right to use the materials present on www.andratwerk.com for commercial purposes and it is not allowed to transmit the contents of the purchased products to other natural persons.<\/p><p>No Customer acquires, by using and accessing the website, any right or license to use any of the information on the website or any intellectual\/industrial property right over the products and\/or services ordered from the website. No customer has the right to use any automatic or manual device to monitor the materials available on the site.<\/p><p>Exoneration of liability<\/p><p>AndraTwerk (Dada Dancefit SRL) cannot assume responsibility for any injuries or medical problems that may occur as a result of practicing the exercises within the andratwerk.com programs. Use Andratwerk.com programs at your own risk!<\/p><p>Dada Dancefit SRL does not guarantee that the site, the servers on which it is hosted, or the e-mails sent from andratwerk.com are free of viruses or other potentially harmful computer components, that they do not contain errors, omissions, malfunctions, delays or interruptions in operation or transmission, line drops or any other similar factors. The user uses the site at his own risk, andratwerk.com being free from any liability for any direct or indirect damages caused by the use or access\/visiting of the site or as a result of the use of the information on the site. Dada Dancefit SRL is not responsible for errors or omissions that may occur in the drafting or presentation of materials on the website.<\/p><p>Andratwerk.com reserves the right to cancel Orders for Products and Services that are displayed on the site as a result of technical errors, or that, due to technical errors, show obviously erroneous\/derisory prices for products (prices that it can appreciate as being erroneous\/ridiculing any buyer with an average level of training).<\/p><p>\u00a0<\/p><p>Limiting access to the SITE<\/p><p>\u00cen cazul \u00een care se constat\u0103 abuzuri ale platformei (ex: spam, flood, \u00eencerc\u0103ri de fraudare a sistemului, \u00eencerc\u0103ri de virusare, folosirea a unui cont cu program cump\u0103rat pe mai multe device-uri simultan, folosirea abuziv\u0103 a site-ului etc) din partea unui client cu program achizi\u021bionat, platforma andratwerk.com poate \u00eenchide accesul utilizatorului f\u0103r\u0103 un anun\u021b \u00een prealabil.<\/p><p>Order<\/p><p>Andratwerk.com reserves the right to cancel, refuse, modify an order if pricing errors are found that do not conform to andratwerk.com standard or if an attempt to defraud the ordering system is demonstrated. <br \/><br \/>Delivery of digital products<\/p><p>Card payment \u2013 \u200b\u200bdelivery of goods (viewing videos) is done instantly and free of charge after payment by card.<\/p><p>Price and coupons<br \/>The price for digital products is displayed on the andratwerk.com website for each individual product.<\/p><p>The price of the products can be reduced, if you have and apply a discount code valid at the time on the \"Submit order\" page.<\/p><p>The price can be reduced by using a coupon through SOCIAL MEDIA and other communication channels.<\/p><p>A coupon consists of letters and numbers.<\/p><p>Each coupon can be used only once by a customer\/person. One or more coupons cannot be used more than once by the same person or within the same order. If one or more coupons are entered, the discount is applied only once even if the price displayed on the order page shows a higher discount.<\/p><p>Digital products<\/p><p>By digital products we refer to training videos available online.<\/p><p>Access to an online dance course in which the validity period of the program is not mentioned, on the andratwerk.com platform is for a minimum period of 1 year from the date of purchase. This period can only be extended by the seller of digital products Dada Dancefit SRL if it wishes to do so but is not obliged to do so after the 1 year period.<\/p><p><br \/>Right of cancellation and return policy<\/p><p>Physical classes - can be canceled up to 48 hours before the start of the event. In this case, the money will be returned in full.<\/p><p>Online courses \u2013 refunds are not possible due to the information received (videos and training plans) after purchasing the online courses.<\/p><p>By submitting information or materials through this site, you grant sitr andratwerk.com, unrestricted and irrevocable access to them, the right to use, reproduce, display, modify, transmit and distribute these materials or information.<\/p><p>Major force<\/p><p>None of the contracting parties is responsible for the non-execution on time and\/or the improper execution - in whole or in part - of any obligation falling under this contract, if the non-execution or improper execution of the respective obligation was caused by force majeure, as defined by law, for reasons beyond the control of the parties.<\/p><p>The party invoking force majeure is obliged to notify the other party, within 10 (ten) days, of the occurrence of the event and to take all possible measures to limit its consequences.<\/p>\t\t\t\t\t\t\t\t<\/div>\n\t\t\t\t<\/div>\n\t\t\t\t\t<\/div>\n\t\t<\/div>\n\t\t\t\t\t<\/div>\n\t\t<\/section>\n\t\t\t\t<\/div>","protected":false},"excerpt":{"rendered":"<p>TERMENI \u0218I CONDI\u021aII Site-ul andratwerk.com, denumit \u00een continuare \u201eandratwerk.com\u201d, este de\u021binut \u0219i administrat de societatea SC Dada Dancefit SRL, av\u00e2nd urm\u0103toarele date de identificare: CUI:43868835 , Nr. Reg. Comer\u021bului J12\/1153\/2021 Navigarea pe site-ul andratwerk.com, urmat\u0103 de o comand\u0103 echivaleaz\u0103 cu citirea, \u00een\u021belegerea \u0219i acceptarea expres\u0103 a Termenilor de mai jos de c\u0103tre orice Client. Andratwerk.com [&hellip;]<\/p>","protected":false},"author":1,"featured_media":0,"parent":0,"menu_order":0,"comment_status":"closed","ping_status":"closed","template":"elementor_header_footer","meta":{"footnotes":""},"class_list":["post-279","page","type-page","status-publish","hentry"],"_links":{"self":[{"href":"https:\/\/andratwerk.com\/en\/wp-json\/wp\/v2\/pages\/279","targetHints":{"allow":["GET"]}}],"collection":[{"href":"https:\/\/andratwerk.com\/en\/wp-json\/wp\/v2\/pages"}],"about":[{"href":"https:\/\/andratwerk.com\/en\/wp-json\/wp\/v2\/types\/page"}],"author":[{"embeddable":true,"href":"https:\/\/andratwerk.com\/en\/wp-json\/wp\/v2\/users\/1"}],"replies":[{"embeddable":true,"href":"https:\/\/andratwerk.com\/en\/wp-json\/wp\/v2\/comments?post=279"}],"version-history":[{"count":4,"href":"https:\/\/andratwerk.com\/en\/wp-json\/wp\/v2\/pages\/279\/revisions"}],"predecessor-version":[{"id":283,"href":"https:\/\/andratwerk.com\/en\/wp-json\/wp\/v2\/pages\/279\/revisions\/283"}],"wp:attachment":[{"href":"https:\/\/andratwerk.com\/en\/wp-json\/wp\/v2\/media?parent=279"}],"curies":[{"name":"wp","href":"https:\/\/api.w.org\/{rel}","templated":true}]}}